{"id":9634,"date":"2022-08-02T07:57:34","date_gmt":"2022-08-02T05:57:34","guid":{"rendered":"https:\/\/www.onyx-one.com\/uber-uns\/"},"modified":"2022-08-02T07:57:34","modified_gmt":"2022-08-02T05:57:34","slug":"uber-uns","status":"publish","type":"page","link":"https:\/\/www.onyx-one.com\/de\/uber-uns\/","title":{"rendered":"\u00dcber uns"},"content":{"rendered":"\n<div class=\"inherit-container-width wp-block-group alignfull has-ast-global-color-7-background-color has-background is-layout-constrained wp-block-group-is-layout-constrained\">\n<div class=\"wp-block-sowmedia-animated-background is-type-vertical-wave is-position-right-top\">\n\n    \n        <svg  preserveAspectRatio=\"none\" viewBox=\"0 0 619 813\" version=\"1.1\" xmlns=\"http:\/\/www.w3.org\/2000\/svg\" xmlns:xlink=\"http:\/\/www.w3.org\/1999\/xlink\">\n            <g id=\"Page-1\" stroke=\"none\" stroke-width=\"1\" fill=\"none\" fill-rule=\"evenodd\" style=\"opacity:1;\">\n                <path d=\"M66,0 L619,0 L619,813 C566.938735,708.924896 495.779666,641.831434 405.522793,611.719614 C270.137482,566.551885 122.294836,707.214027 36.8420555,558.059542 C-20.1264652,458.623218 -10.4071503,272.603371 66,0 Z\" id=\"Rectangle\" fill=\"var(--ast-global-color-1)\"><\/path>\n            <\/g>\n        <\/svg>\n\n    \n\n<\/div>\n\n\n\n<p class=\"is-style-label\">Respekt, Professionalit\u00e4t und Authentizit\u00e4t<\/p>\n\n\n\n<h1 class=\"wp-block-heading\"><span style=\"text-decoration: underline;\">Wir sind Onyx<\/span><\/h1>\n\n\n\n<p class=\"has-large-font-size\">Onyx wurde vor mehr als 10 Jahren gegr\u00fcndet. Wir standen an der Wiege der Online-Schulung und des Qualifikationsmanagements in Belgien. Unser erster Kunde, ein gro\u00dfes verarbeitendes Unternehmen der Petrochemie, kam mit einer echten Herausforderung zu uns:<\/p>\n\n\n\n<blockquote class=\"wp-block-quote has-ast-global-color-1-background-color has-background is-layout-flow wp-block-quote-is-layout-flow\">\n<p>\u201eWie k\u00f6nnen wir 10.000 Menschen in 20 verschiedenen L\u00e4ndern und in fast ebenso vielen verschiedenen Sprachen schulen? Und wie k\u00f6nnen wir den \u00dcberblick \u00fcber alle Bescheinigungen behalten, die f\u00fcr die Arbeit an verschiedenen Standorten in der Welt erforderlich sind?&#8221;<\/p>\n<\/blockquote>\n\n\n\n<p>CEO Geert Peter de Oude begann seine berufliche Laufbahn bei Chemcopack, einem Unternehmen, das er sp\u00e4ter an Katoennatie verkaufte. Begeistert von Digitalisierung und benutzerfreundlichen Softwarel\u00f6sungen gr\u00fcndete er einige Jahre sp\u00e4ter Onyx. Eine gewagte Herausforderung, da die Digitalisierung in der verarbeitenden Industrie zu dieser Zeit keine Priorit\u00e4t hatte.<br><br>Inzwischen arbeitet das Onyx-Team f\u00fcr f\u00fchrende multinationale Unternehmen und wir sind stolz darauf. Wir schulen und qualifizieren mehr als 65.000 Mitarbeiter verschiedener Auftragsunternehmen in 23 Sprachen und 44 L\u00e4ndern.<\/p>\n\n\n\n<p>Unser Erfolgsrezept? Wir haben Onyx One in Zusammenarbeit mit der Industrie weiter perfektioniert. Heute sind wir f\u00fcr die verarbeitende Industrie das beste Fremdfirmenmanagementsystem auf dem Markt.<\/p>\n<\/div>\n\n\n\n<div class=\"inherit-container-width wp-block-group alignfull is-layout-constrained wp-block-group-is-layout-constrained\">\n<div class=\"wp-block-columns alignwide is-style-large-gap is-layout-flex wp-container-core-columns-is-layout-28f84493 wp-block-columns-is-layout-flex\">\n<div class=\"wp-block-column is-layout-flow wp-block-column-is-layout-flow\">\n<div class=\"wp-block-media-text alignwide is-stacked-on-mobile is-image-fill is-style-rounded has-ast-global-color-7-background-color has-background\" style=\"grid-template-columns:58% auto\"><figure class=\"wp-block-media-text__media\" style=\"background-image:url(https:\/\/www.onyx-one.com\/wp-content\/uploads\/2022\/12\/Screenshot-2022-12-15-at-14.05.18-1024x672.png);background-position:50% 50%\"><img loading=\"lazy\" decoding=\"async\" width=\"1024\" height=\"672\" src=\"https:\/\/www.onyx-one.com\/wp-content\/uploads\/2022\/12\/Screenshot-2022-12-15-at-14.05.18-1024x672.png\" alt=\"\" class=\"wp-image-9160 size-full\" srcset=\"https:\/\/www.onyx-one.com\/wp-content\/uploads\/2022\/12\/Screenshot-2022-12-15-at-14.05.18-1024x672.png 1024w, https:\/\/www.onyx-one.com\/wp-content\/uploads\/2022\/12\/Screenshot-2022-12-15-at-14.05.18-300x197.png 300w, https:\/\/www.onyx-one.com\/wp-content\/uploads\/2022\/12\/Screenshot-2022-12-15-at-14.05.18-768x504.png 768w, https:\/\/www.onyx-one.com\/wp-content\/uploads\/2022\/12\/Screenshot-2022-12-15-at-14.05.18-1536x1009.png 1536w, https:\/\/www.onyx-one.com\/wp-content\/uploads\/2022\/12\/Screenshot-2022-12-15-at-14.05.18.png 1724w\" sizes=\"auto, (max-width: 1024px) 100vw, 1024px\" \/><\/figure><div class=\"wp-block-media-text__content\">\n<div class=\"wp-block-sowmedia-animated-background is-type-circle is-position-left-bottom\">\n\n    \n        <svg preserveAspectRatio=\"none\" viewBox=\"0 0 1000 1000\" version=\"1.1\" xmlns=\"http:\/\/www.w3.org\/2000\/svg\" xmlns:xlink=\"http:\/\/www.w3.org\/1999\/xlink\">\n            <g id=\"Page-1\" stroke=\"none\" stroke-width=\"1\" fill=\"none\" fill-rule=\"evenodd\" style=\"opacity:1;\">\n                <circle id=\"Oval\" stroke=\"var(--ast-global-color-1)\" stroke-width=\"100\" cx=\"500\" cy=\"500\" r=\"450\"><\/circle>\n            <\/g>\n        <\/svg>\n\n    \n\n<\/div>\n\n\n\n<div class=\"wp-block-group alignwide is-layout-flow wp-block-group-is-layout-flow\">\n<p class=\"is-style-label has-small-font-size\"><\/p>\n\n\n\n<h2 class=\"wp-block-heading\">Unsere <span style=\"text-decoration: underline;\">Unternehmensethik<\/span><\/h2>\n\n\n\n<p class=\"has-large-font-size\">Wir arbeiten gemeinsam mit unseren Kunden, Partnern und Mitarbeitern mit nur einem Ziel: eine langfristige Beziehung zu schaffen, die auf gegenseitigem Vertrauen und einer Win-Win-Mentalit\u00e4t beruht.<\/p>\n<\/div>\n<\/div><\/div>\n<\/div>\n<\/div>\n\n\n\n<div class=\"wp-block-columns alignwide is-style-default is-layout-flex wp-container-core-columns-is-layout-28f84493 wp-block-columns-is-layout-flex\">\n<div class=\"wp-block-column is-style-shadow has-ast-global-color-7-background-color has-background is-layout-flow wp-block-column-is-layout-flow\">\n<div class=\"wp-block-sowmedia-animated-background is-type-circle is-position-left-top\">\n\n    \n        <svg preserveAspectRatio=\"none\" viewBox=\"0 0 1000 1000\" version=\"1.1\" xmlns=\"http:\/\/www.w3.org\/2000\/svg\" xmlns:xlink=\"http:\/\/www.w3.org\/1999\/xlink\">\n            <g id=\"Page-1\" stroke=\"none\" stroke-width=\"1\" fill=\"none\" fill-rule=\"evenodd\" style=\"opacity:1;\">\n                <circle id=\"Oval\" stroke=\"var(--ast-global-color-1)\" stroke-width=\"100\" cx=\"500\" cy=\"500\" r=\"450\"><\/circle>\n            <\/g>\n        <\/svg>\n\n    \n\n<\/div>\n\n\n\n<div class=\"wp-block-sowmedia-icon has-ast-global-color-0-color has-x-large-font-size\">\n\n    <i class=\"icon icon-check-circle\"><\/i>\n\n<\/div>\n\n\n\n<h3 class=\"has-large-font-size wp-block-heading\">Respekt<\/h3>\n\n\n\n<p>Wir respektieren unsere Kunden, Partner, Mitarbeiter und alle anderen Beteiligten. Dies dr\u00fcckt sich in unserer Bereitschaft aus, zuzuh\u00f6ren, ehrliches Feedback zu geben und anzunehmen. Wir sind immer bereit, dazuzulernen und bei Bedarf Anpassungen vorzunehmen.<\/p>\n<\/div>\n\n\n\n<div class=\"wp-block-column is-style-shadow has-ast-global-color-7-background-color has-background is-layout-flow wp-block-column-is-layout-flow\">\n<div class=\"wp-block-sowmedia-animated-background is-type-circle is-position-left-bottom\">\n\n    \n        <svg preserveAspectRatio=\"none\" viewBox=\"0 0 1000 1000\" version=\"1.1\" xmlns=\"http:\/\/www.w3.org\/2000\/svg\" xmlns:xlink=\"http:\/\/www.w3.org\/1999\/xlink\">\n            <g id=\"Page-1\" stroke=\"none\" stroke-width=\"1\" fill=\"none\" fill-rule=\"evenodd\" style=\"opacity:1;\">\n                <circle id=\"Oval\" stroke=\"var(--ast-global-color-1)\" stroke-width=\"100\" cx=\"500\" cy=\"500\" r=\"450\"><\/circle>\n            <\/g>\n        <\/svg>\n\n    \n\n<\/div>\n\n\n\n<div class=\"wp-block-sowmedia-icon has-ast-global-color-0-color has-x-large-font-size\">\n\n    <i class=\"icon icon-check-circle\"><\/i>\n\n<\/div>\n\n\n\n<h3 class=\"has-large-font-size wp-block-heading\">Professionalit\u00e4t<\/h3>\n\n\n\n<p>Unser Know-how erf\u00fcllt h\u00f6chste Qualit\u00e4tsanspr\u00fcche. Wir \u00fcbernehmen die volle Verantwortung f\u00fcr jeden Auftrag, den wir ausf\u00fchren. Wir gehen Problemen nicht aus dem Weg, wir l\u00f6sen sie. Wir sind handlungs- und ergebnisorientiert.<\/p>\n<\/div>\n\n\n\n<div class=\"wp-block-column is-style-shadow has-ast-global-color-7-background-color has-background is-layout-flow wp-block-column-is-layout-flow\">\n<div class=\"wp-block-sowmedia-animated-background is-type-circle is-position-right-top\">\n\n    \n        <svg preserveAspectRatio=\"none\" viewBox=\"0 0 1000 1000\" version=\"1.1\" xmlns=\"http:\/\/www.w3.org\/2000\/svg\" xmlns:xlink=\"http:\/\/www.w3.org\/1999\/xlink\">\n            <g id=\"Page-1\" stroke=\"none\" stroke-width=\"1\" fill=\"none\" fill-rule=\"evenodd\" style=\"opacity:1;\">\n                <circle id=\"Oval\" stroke=\"var(--ast-global-color-1)\" stroke-width=\"100\" cx=\"500\" cy=\"500\" r=\"450\"><\/circle>\n            <\/g>\n        <\/svg>\n\n    \n\n<\/div>\n\n\n\n<div class=\"wp-block-sowmedia-icon has-ast-global-color-0-color has-x-large-font-size\">\n\n    <i class=\"icon icon-check-circle\"><\/i>\n\n<\/div>\n\n\n\n<h3 class=\"has-large-font-size wp-block-heading\">Authentizit\u00e4t<\/h3>\n\n\n\n<p>Wir sind uns treu, wer wir sind und was wir tun. Wir streben nach dem besten Fremdfirmenmanagementsystem. Dies bleibt unser Schwerpunkt bei jeder Entscheidung, die wir treffen. Auf diese Weise m\u00fcssen wir keine Abstriche bei der Qualit\u00e4t machen. Wir glauben nicht an schnelle Gewinne und bevorzugen eine langfristige und ehrliche Zusammenarbeit.<\/p>\n<\/div>\n<\/div>\n<\/div>\n\n\n\n<div class=\"inherit-container-width wp-block-group alignfull is-layout-constrained wp-block-group-is-layout-constrained\">\n<div class=\"wp-block-columns alignwide is-style-large-gap is-layout-flex wp-container-core-columns-is-layout-28f84493 wp-block-columns-is-layout-flex\">\n<div class=\"wp-block-column is-layout-flow wp-block-column-is-layout-flow\">\n<figure class=\"wp-block-image size-large is-style-shadow\"><img loading=\"lazy\" decoding=\"async\" width=\"1024\" height=\"683\" src=\"https:\/\/www.onyx-one.com\/wp-content\/uploads\/2022\/12\/shutterstock_2060102003-1024x683.jpeg\" alt=\"\" class=\"wp-image-8965\" srcset=\"https:\/\/www.onyx-one.com\/wp-content\/uploads\/2022\/12\/shutterstock_2060102003-1024x683.jpeg 1024w, https:\/\/www.onyx-one.com\/wp-content\/uploads\/2022\/12\/shutterstock_2060102003-300x200.jpeg 300w, https:\/\/www.onyx-one.com\/wp-content\/uploads\/2022\/12\/shutterstock_2060102003-768x512.jpeg 768w, https:\/\/www.onyx-one.com\/wp-content\/uploads\/2022\/12\/shutterstock_2060102003-1536x1024.jpeg 1536w, https:\/\/www.onyx-one.com\/wp-content\/uploads\/2022\/12\/shutterstock_2060102003-2048x1365.jpeg 2048w\" sizes=\"auto, (max-width: 1024px) 100vw, 1024px\" \/><\/figure>\n<\/div>\n\n\n\n<div class=\"wp-block-column is-layout-flow wp-block-column-is-layout-flow\">\n<h2 class=\"wp-block-heading\">Our goal, <span style=\"text-decoration: underline;\">your goal<\/span><\/h2>\n\n\n\n<p class=\"has-large-font-size\">Unser Ziel ist es, Ihre Ziele zu erreichen.<br>Wie machen wir das?  <\/p>\n\n\n\n<p><\/p>\n\n\n\n<ul class=\"is-style-circles wp-block-list\">\n<li>Durch das Angebot eines Full-Service-Fremdfirmenmanagementsystems.<\/li>\n\n\n\n<li>Indem wir Ihren Mitarbeitern, aber auch den Mitarbeitern von Fremdfirmen, Tag f\u00fcr Tag Unterst\u00fctzung anbieten.<\/li>\n\n\n\n<li>Durch das Angebot integrierter e-Learning-Module f\u00fcr Sicherheitsschulungen.<\/li>\n\n\n\n<li>Indem wir nach st\u00e4ndiger Verbesserung streben, weil wir Ihren Input mit einbeziehen.<\/li>\n\n\n\n<li>Indem wir Onyx One modular und flexibel gestalten, damit es Ihre spezifischen Anforderungen vollst\u00e4ndig erf\u00fcllt.<\/li>\n\n\n\n<li>Indem wir Prozesse automatisieren, ohne die Kontrolle abzugeben und immer so, dass Sie eingreifen k\u00f6nnen, wenn Sie wollen.<\/li>\n<\/ul>\n<\/div>\n<\/div>\n<\/div>\n","protected":false},"excerpt":{"rendered":"<p> [&hellip;]<\/p>\n","protected":false},"author":1,"featured_media":0,"parent":0,"menu_order":0,"comment_status":"closed","ping_status":"closed","template":"","meta":{"_acf_changed":false,"content-type":"","site-sidebar-layout":"default","site-content-layout":"","ast-site-content-layout":"default","site-content-style":"default","site-sidebar-style":"default","ast-global-header-display":"","ast-banner-title-visibility":"","ast-main-header-display":"","ast-hfb-above-header-display":"","ast-hfb-below-header-display":"","ast-hfb-mobile-header-display":"","site-post-title":"disabled","ast-breadcrumbs-content":"","ast-featured-img":"","footer-sml-layout":"","theme-transparent-header-meta":"","adv-header-id-meta":"","stick-header-meta":"","header-above-stick-meta":"","header-main-stick-meta":"","header-below-stick-meta":"","astra-migrate-meta-layouts":"default","ast-page-background-enabled":"default","ast-page-background-meta":{"desktop":{"background-color":"var(--ast-global-color-4)","background-image":"","background-repeat":"repeat","background-position":"center center","background-size":"auto","background-attachment":"scroll","background-type":"","background-media":"","overlay-type":"","overlay-color":"","overlay-opacity":"","overlay-gradient":""},"tablet":{"background-color":"","background-image":"","background-repeat":"repeat","background-position":"center center","background-size":"auto","background-attachment":"scroll","background-type":"","background-media":"","overlay-type":"","overlay-color":"","overlay-opacity":"","overlay-gradient":""},"mobile":{"background-color":"","background-image":"","background-repeat":"repeat","background-position":"center center","background-size":"auto","background-attachment":"scroll","background-type":"","background-media":"","overlay-type":"","overlay-color":"","overlay-opacity":"","overlay-gradient":""}},"ast-content-background-meta":{"desktop":{"background-color":"var(--ast-global-color-5)","background-image":"","background-repeat":"repeat","background-position":"center center","background-size":"auto","background-attachment":"scroll","background-type":"","background-media":"","overlay-type":"","overlay-color":"","overlay-opacity":"","overlay-gradient":""},"tablet":{"background-color":"var(--ast-global-color-5)","background-image":"","background-repeat":"repeat","background-position":"center center","background-size":"auto","background-attachment":"scroll","background-type":"","background-media":"","overlay-type":"","overlay-color":"","overlay-opacity":"","overlay-gradient":""},"mobile":{"background-color":"var(--ast-global-color-5)","background-image":"","background-repeat":"repeat","background-position":"center center","background-size":"auto","background-attachment":"scroll","background-type":"","background-media":"","overlay-type":"","overlay-color":"","overlay-opacity":"","overlay-gradient":""}},"footnotes":""},"class_list":["post-9634","page","type-page","status-publish","hentry"],"acf":[],"yoast_head":"<!-- This site is optimized with the Yoast SEO plugin v27.3 - https:\/\/yoast.com\/product\/yoast-seo-wordpress\/ -->\n<title>\u00dcber uns - Onyx One<\/title>\n<meta name=\"robots\" content=\"index, follow, max-snippet:-1, max-image-preview:large, max-video-preview:-1\" \/>\n<link rel=\"canonical\" href=\"https:\/\/www.onyx-one.com\/de\/uber-uns\/\" \/>\n<meta property=\"og:locale\" content=\"de_DE\" \/>\n<meta property=\"og:type\" content=\"article\" \/>\n<meta property=\"og:title\" content=\"\u00dcber uns - Onyx One\" \/>\n<meta property=\"og:description\" content=\"[&hellip;]\" \/>\n<meta property=\"og:url\" content=\"https:\/\/www.onyx-one.com\/de\/uber-uns\/\" \/>\n<meta property=\"og:site_name\" content=\"Onyx One\" \/>\n<meta property=\"og:image\" content=\"https:\/\/www.onyx-one.com\/wp-content\/uploads\/2022\/12\/Screenshot-2022-12-15-at-14.05.18-1024x672.png\" \/>\n<meta name=\"twitter:card\" content=\"summary_large_image\" \/>\n<meta name=\"twitter:label1\" content=\"Est. reading time\" \/>\n\t<meta name=\"twitter:data1\" content=\"2 minutes\" \/>\n<script type=\"application\/ld+json\" class=\"yoast-schema-graph\">{\"@context\":\"https:\\\/\\\/schema.org\",\"@graph\":[{\"@type\":\"WebPage\",\"@id\":\"https:\\\/\\\/www.onyx-one.com\\\/de\\\/uber-uns\\\/\",\"url\":\"https:\\\/\\\/www.onyx-one.com\\\/de\\\/uber-uns\\\/\",\"name\":\"\u00dcber uns - Onyx One\",\"isPartOf\":{\"@id\":\"https:\\\/\\\/www.onyx-one.com\\\/de\\\/#website\"},\"primaryImageOfPage\":{\"@id\":\"https:\\\/\\\/www.onyx-one.com\\\/de\\\/uber-uns\\\/#primaryimage\"},\"image\":{\"@id\":\"https:\\\/\\\/www.onyx-one.com\\\/de\\\/uber-uns\\\/#primaryimage\"},\"thumbnailUrl\":\"https:\\\/\\\/www.onyx-one.com\\\/wp-content\\\/uploads\\\/2022\\\/12\\\/Screenshot-2022-12-15-at-14.05.18-1024x672.png\",\"datePublished\":\"2022-08-02T05:57:34+00:00\",\"breadcrumb\":{\"@id\":\"https:\\\/\\\/www.onyx-one.com\\\/de\\\/uber-uns\\\/#breadcrumb\"},\"inLanguage\":\"de-DE\",\"potentialAction\":[{\"@type\":\"ReadAction\",\"target\":[\"https:\\\/\\\/www.onyx-one.com\\\/de\\\/uber-uns\\\/\"]}]},{\"@type\":\"ImageObject\",\"inLanguage\":\"de-DE\",\"@id\":\"https:\\\/\\\/www.onyx-one.com\\\/de\\\/uber-uns\\\/#primaryimage\",\"url\":\"https:\\\/\\\/www.onyx-one.com\\\/wp-content\\\/uploads\\\/2022\\\/12\\\/Screenshot-2022-12-15-at-14.05.18-1024x672.png\",\"contentUrl\":\"https:\\\/\\\/www.onyx-one.com\\\/wp-content\\\/uploads\\\/2022\\\/12\\\/Screenshot-2022-12-15-at-14.05.18-1024x672.png\"},{\"@type\":\"BreadcrumbList\",\"@id\":\"https:\\\/\\\/www.onyx-one.com\\\/de\\\/uber-uns\\\/#breadcrumb\",\"itemListElement\":[{\"@type\":\"ListItem\",\"position\":1,\"name\":\"Home\",\"item\":\"https:\\\/\\\/www.onyx-one.com\\\/de\\\/\"},{\"@type\":\"ListItem\",\"position\":2,\"name\":\"\u00dcber uns\"}]},{\"@type\":\"WebSite\",\"@id\":\"https:\\\/\\\/www.onyx-one.com\\\/de\\\/#website\",\"url\":\"https:\\\/\\\/www.onyx-one.com\\\/de\\\/\",\"name\":\"Onyx One\",\"description\":\"\",\"publisher\":{\"@id\":\"https:\\\/\\\/www.onyx-one.com\\\/de\\\/#organization\"},\"potentialAction\":[{\"@type\":\"SearchAction\",\"target\":{\"@type\":\"EntryPoint\",\"urlTemplate\":\"https:\\\/\\\/www.onyx-one.com\\\/de\\\/?s={search_term_string}\"},\"query-input\":{\"@type\":\"PropertyValueSpecification\",\"valueRequired\":true,\"valueName\":\"search_term_string\"}}],\"inLanguage\":\"de-DE\"},{\"@type\":\"Organization\",\"@id\":\"https:\\\/\\\/www.onyx-one.com\\\/de\\\/#organization\",\"name\":\"Onyx One\",\"url\":\"https:\\\/\\\/www.onyx-one.com\\\/de\\\/\",\"logo\":{\"@type\":\"ImageObject\",\"inLanguage\":\"de-DE\",\"@id\":\"https:\\\/\\\/www.onyx-one.com\\\/de\\\/#\\\/schema\\\/logo\\\/image\\\/\",\"url\":\"https:\\\/\\\/www.onyx-one.com\\\/wp-content\\\/uploads\\\/2024\\\/06\\\/Logo_OnyxOne_transparant-1024x176-1.png\",\"contentUrl\":\"https:\\\/\\\/www.onyx-one.com\\\/wp-content\\\/uploads\\\/2024\\\/06\\\/Logo_OnyxOne_transparant-1024x176-1.png\",\"width\":1024,\"height\":176,\"caption\":\"Onyx One\"},\"image\":{\"@id\":\"https:\\\/\\\/www.onyx-one.com\\\/de\\\/#\\\/schema\\\/logo\\\/image\\\/\"},\"sameAs\":[\"https:\\\/\\\/www.linkedin.com\\\/company\\\/20474573\"]}]}<\/script>\n<!-- \/ Yoast SEO plugin. -->","yoast_head_json":{"title":"\u00dcber uns - Onyx One","robots":{"index":"index","follow":"follow","max-snippet":"max-snippet:-1","max-image-preview":"max-image-preview:large","max-video-preview":"max-video-preview:-1"},"canonical":"https:\/\/www.onyx-one.com\/de\/uber-uns\/","og_locale":"de_DE","og_type":"article","og_title":"\u00dcber uns - Onyx One","og_description":"[&hellip;]","og_url":"https:\/\/www.onyx-one.com\/de\/uber-uns\/","og_site_name":"Onyx One","og_image":[{"url":"https:\/\/www.onyx-one.com\/wp-content\/uploads\/2022\/12\/Screenshot-2022-12-15-at-14.05.18-1024x672.png","type":"","width":"","height":""}],"twitter_card":"summary_large_image","twitter_misc":{"Est. reading time":"2 minutes"},"schema":{"@context":"https:\/\/schema.org","@graph":[{"@type":"WebPage","@id":"https:\/\/www.onyx-one.com\/de\/uber-uns\/","url":"https:\/\/www.onyx-one.com\/de\/uber-uns\/","name":"\u00dcber uns - Onyx One","isPartOf":{"@id":"https:\/\/www.onyx-one.com\/de\/#website"},"primaryImageOfPage":{"@id":"https:\/\/www.onyx-one.com\/de\/uber-uns\/#primaryimage"},"image":{"@id":"https:\/\/www.onyx-one.com\/de\/uber-uns\/#primaryimage"},"thumbnailUrl":"https:\/\/www.onyx-one.com\/wp-content\/uploads\/2022\/12\/Screenshot-2022-12-15-at-14.05.18-1024x672.png","datePublished":"2022-08-02T05:57:34+00:00","breadcrumb":{"@id":"https:\/\/www.onyx-one.com\/de\/uber-uns\/#breadcrumb"},"inLanguage":"de-DE","potentialAction":[{"@type":"ReadAction","target":["https:\/\/www.onyx-one.com\/de\/uber-uns\/"]}]},{"@type":"ImageObject","inLanguage":"de-DE","@id":"https:\/\/www.onyx-one.com\/de\/uber-uns\/#primaryimage","url":"https:\/\/www.onyx-one.com\/wp-content\/uploads\/2022\/12\/Screenshot-2022-12-15-at-14.05.18-1024x672.png","contentUrl":"https:\/\/www.onyx-one.com\/wp-content\/uploads\/2022\/12\/Screenshot-2022-12-15-at-14.05.18-1024x672.png"},{"@type":"BreadcrumbList","@id":"https:\/\/www.onyx-one.com\/de\/uber-uns\/#breadcrumb","itemListElement":[{"@type":"ListItem","position":1,"name":"Home","item":"https:\/\/www.onyx-one.com\/de\/"},{"@type":"ListItem","position":2,"name":"\u00dcber uns"}]},{"@type":"WebSite","@id":"https:\/\/www.onyx-one.com\/de\/#website","url":"https:\/\/www.onyx-one.com\/de\/","name":"Onyx One","description":"","publisher":{"@id":"https:\/\/www.onyx-one.com\/de\/#organization"},"potentialAction":[{"@type":"SearchAction","target":{"@type":"EntryPoint","urlTemplate":"https:\/\/www.onyx-one.com\/de\/?s={search_term_string}"},"query-input":{"@type":"PropertyValueSpecification","valueRequired":true,"valueName":"search_term_string"}}],"inLanguage":"de-DE"},{"@type":"Organization","@id":"https:\/\/www.onyx-one.com\/de\/#organization","name":"Onyx One","url":"https:\/\/www.onyx-one.com\/de\/","logo":{"@type":"ImageObject","inLanguage":"de-DE","@id":"https:\/\/www.onyx-one.com\/de\/#\/schema\/logo\/image\/","url":"https:\/\/www.onyx-one.com\/wp-content\/uploads\/2024\/06\/Logo_OnyxOne_transparant-1024x176-1.png","contentUrl":"https:\/\/www.onyx-one.com\/wp-content\/uploads\/2024\/06\/Logo_OnyxOne_transparant-1024x176-1.png","width":1024,"height":176,"caption":"Onyx One"},"image":{"@id":"https:\/\/www.onyx-one.com\/de\/#\/schema\/logo\/image\/"},"sameAs":["https:\/\/www.linkedin.com\/company\/20474573"]}]}},"_links":{"self":[{"href":"https:\/\/www.onyx-one.com\/de\/wp-json\/wp\/v2\/pages\/9634","targetHints":{"allow":["GET"]}}],"collection":[{"href":"https:\/\/www.onyx-one.com\/de\/wp-json\/wp\/v2\/pages"}],"about":[{"href":"https:\/\/www.onyx-one.com\/de\/wp-json\/wp\/v2\/types\/page"}],"author":[{"embeddable":true,"href":"https:\/\/www.onyx-one.com\/de\/wp-json\/wp\/v2\/users\/1"}],"replies":[{"embeddable":true,"href":"https:\/\/www.onyx-one.com\/de\/wp-json\/wp\/v2\/comments?post=9634"}],"version-history":[{"count":0,"href":"https:\/\/www.onyx-one.com\/de\/wp-json\/wp\/v2\/pages\/9634\/revisions"}],"wp:attachment":[{"href":"https:\/\/www.onyx-one.com\/de\/wp-json\/wp\/v2\/media?parent=9634"}],"curies":[{"name":"wp","href":"https:\/\/api.w.org\/{rel}","templated":true}]}}